{"id":434,"date":"2018-11-27T09:17:08","date_gmt":"2018-11-27T13:17:08","guid":{"rendered":"https:\/\/pargueraglassbottomkayaking.com\/about\/"},"modified":"2024-03-21T15:36:31","modified_gmt":"2024-03-21T19:36:31","slug":"sobre-nosotros","status":"publish","type":"page","link":"https:\/\/pargueraglassbottomkayaking.com\/en\/sobre-nosotros\/","title":{"rendered":"About Us"},"content":{"rendered":"<h1>\n\t\t\t\t\tAbout Us\n\t\t\t\t<\/h1>\n<h2>\n\t\tMeet Parguera Glassbottom Kayaking\n\t<\/h2>\n\t<ul>\n\t\t<li>\t\t\t\t\n\t\t<h5>Explore the wonders of the canals of La Parguera and the bioluminescent bay with us<\/h5><\/li><li>\t\t\t\t\n\t\t<h5>Discover our passion for aquatic adventures and conservation<\/h5><\/li>\t<\/ul>\n\t\t\t\t<img loading=\"lazy\" decoding=\"async\" src=\"https:\/\/pargueraglassbottomkayaking.com\/wp-content\/uploads\/2023\/08\/experiencia.png\" alt=\"experiencia\" itemprop=\"image\" height=\"687\" width=\"599\" title=\"experiencia\" onerror=\"this.style.display='none'\"  \/>\n\t<p>At Parguera Glassbottom Kayaking, we are passionate about providing unforgettable experiences in the natural beauty of Puerto Rico. We are proud to be leaders in transparent kayak tours to the La Parguera keys and the bioluminescent bay. Our team of expert and passionate guides are dedicated to providing you with safe, informative and fun-filled adventures. We strive to provide you with direct contact with the marine world through our glass bottom kayaks, allowing you to explore the hidden treasures of the reefs and enjoy the magic of bioluminescence. Join us and discover the wonder that lies beneath the crystal-clear waters of Puerto Rico with Parguera Glassbottom Kayaking.<\/p>\n\t\t\t<a href=\"https:\/\/pargueraglassbottomkayaking.com\/en\/glassbottom-kayak-tours\/\" target=\"_self\" rel=\"noopener\">\n\t\t\t\t\t\tSee Tours\n\t\t\t\t\t<\/a>\n\t\t\t\t<img decoding=\"async\" src=\"https:\/\/pargueraglassbottomkayaking.com\/wp-content\/uploads\/2023\/08\/mision.png\" alt=\"mision\" itemprop=\"image\"\/>\n\t\t<h2>\n\t\tMission\n\t<\/h2>\n\t<p>Our mission is to provide our clients with unparalleled experiences when exploring the underwater beauty of Puerto Rico through our transparent kayak tours. We strive to offer exciting, safe and educational adventures, while promoting conservation and respect for the marine environment.<\/p>\n\t\t\t\t<img decoding=\"async\" src=\"https:\/\/pargueraglassbottomkayaking.com\/wp-content\/uploads\/2023\/08\/vision.png\" alt=\"vision\" itemprop=\"image\"\/>\n\t\t<h2>\n\t\tVision\n\t<\/h2>\n\t<p>Our vision is to become the leading reference in transparent kayak tours in Puerto Rico, recognized for providing exceptional experiences that connect people with the magic and natural wealth of the La Parguera keys and the bioluminescent bay. We seek to inspire and encourage environmental awareness, promoting the conservation of our precious marine ecosystems for generations to come.<\/p>","protected":false},"excerpt":{"rendered":"<p>Sobre Nosotros Conoce a Parguera Glassbottom Kayaking Explora las maravillas de los canales de La Parguera y la bah\u00eda bioluminiscente con nosotros Descubre nuestra pasi\u00f3n por las aventuras acu\u00e1ticas y la conservaci\u00f3n En Parguera Glassbottom Kayaking, estamos apasionados por brindar experiencias inolvidables en la belleza natural de Puerto Rico. Nos enorgullece ser l\u00edderes en tours [&hellip;]<\/p>\n","protected":false},"author":1,"featured_media":0,"parent":0,"menu_order":0,"comment_status":"closed","ping_status":"closed","template":"","meta":{"site-sidebar-layout":"no-sidebar","site-content-layout":"page-builder","ast-site-content-layout":"default","site-content-style":"default","site-sidebar-style":"default","ast-global-header-display":"","ast-banner-title-visibility":"","ast-main-header-display":"","ast-hfb-above-header-display":"","ast-hfb-below-header-display":"","ast-hfb-mobile-header-display":"","site-post-title":"disabled","ast-breadcrumbs-content":"","ast-featured-img":"disabled","footer-sml-layout":"","ast-disable-related-posts":"","theme-transparent-header-meta":"enabled","adv-header-id-meta":"","stick-header-meta":"","header-above-stick-meta":"","header-main-stick-meta":"","header-below-stick-meta":"","astra-migrate-meta-layouts":"default","ast-page-background-enabled":"default","ast-page-background-meta":{"desktop":{"background-color":"","background-image":"","background-repeat":"repeat","background-position":"center center","background-size":"auto","background-attachment":"scroll","background-type":"","background-media":"","overlay-type":"","overlay-color":"","overlay-opacity":"","overlay-gradient":""},"tablet":{"background-color":"","background-image":"","background-repeat":"repeat","background-position":"center center","background-size":"auto","background-attachment":"scroll","background-type":"","background-media":"","overlay-type":"","overlay-color":"","overlay-opacity":"","overlay-gradient":""},"mobile":{"background-color":"","background-image":"","background-repeat":"repeat","background-position":"center center","background-size":"auto","background-attachment":"scroll","background-type":"","background-media":"","overlay-type":"","overlay-color":"","overlay-opacity":"","overlay-gradient":""}},"ast-content-background-meta":{"desktop":{"background-color":"var(--ast-global-color-5)","background-image":"","background-repeat":"repeat","background-position":"center center","background-size":"auto","background-attachment":"scroll","background-type":"","background-media":"","overlay-type":"","overlay-color":"","overlay-opacity":"","overlay-gradient":""},"tablet":{"background-color":"var(--ast-global-color-5)","background-image":"","background-repeat":"repeat","background-position":"center center","background-size":"auto","background-attachment":"scroll","background-type":"","background-media":"","overlay-type":"","overlay-color":"","overlay-opacity":"","overlay-gradient":""},"mobile":{"background-color":"var(--ast-global-color-5)","background-image":"","background-repeat":"repeat","background-position":"center center","background-size":"auto","background-attachment":"scroll","background-type":"","background-media":"","overlay-type":"","overlay-color":"","overlay-opacity":"","overlay-gradient":""}},"footnotes":""},"class_list":["post-434","page","type-page","status-publish","hentry"],"_links":{"self":[{"href":"https:\/\/pargueraglassbottomkayaking.com\/en\/wp-json\/wp\/v2\/pages\/434","targetHints":{"allow":["GET"]}}],"collection":[{"href":"https:\/\/pargueraglassbottomkayaking.com\/en\/wp-json\/wp\/v2\/pages"}],"about":[{"href":"https:\/\/pargueraglassbottomkayaking.com\/en\/wp-json\/wp\/v2\/types\/page"}],"author":[{"embeddable":true,"href":"https:\/\/pargueraglassbottomkayaking.com\/en\/wp-json\/wp\/v2\/users\/1"}],"replies":[{"embeddable":true,"href":"https:\/\/pargueraglassbottomkayaking.com\/en\/wp-json\/wp\/v2\/comments?post=434"}],"version-history":[{"count":30,"href":"https:\/\/pargueraglassbottomkayaking.com\/en\/wp-json\/wp\/v2\/pages\/434\/revisions"}],"predecessor-version":[{"id":944,"href":"https:\/\/pargueraglassbottomkayaking.com\/en\/wp-json\/wp\/v2\/pages\/434\/revisions\/944"}],"wp:attachment":[{"href":"https:\/\/pargueraglassbottomkayaking.com\/en\/wp-json\/wp\/v2\/media?parent=434"}],"curies":[{"name":"wp","href":"https:\/\/api.w.org\/{rel}","templated":true}]}}