{"id":437,"date":"2018-11-27T09:17:56","date_gmt":"2018-11-27T13:17:56","guid":{"rendered":"https:\/\/pargueraglassbottomkayaking.com\/contact\/"},"modified":"2024-02-06T16:53:11","modified_gmt":"2024-02-06T20:53:11","slug":"contacto","status":"publish","type":"page","link":"https:\/\/pargueraglassbottomkayaking.com\/en\/contacto\/","title":{"rendered":"Contact"},"content":{"rendered":"<h1>\n\t\t\t\t\tContact\n\t\t\t\t<\/h1>\n\t<h2>\n\t\t\t\t\tSend us a message\n\t\t\t\t<\/h2>\n\t<p><iframe style=\"width: 100%; max-width: 500px;\" height=\"539px\" src=\"https:\/\/oembed.jotform.com\/240323799471866\" sandbox=\"allow-forms allow-scripts allow-same-origin allow-top-navigation allow-popups allow-popups-to-escape-sandbox\"><\/iframe><\/p>\n\t<h2>\n\t\t\t\t\tInformation\n\t\t\t\t<\/h2>\n\t<h5>\n\t\t\t\t\tPhones\n\t\t\t\t<\/h5>\n\t\t\t<a onclick=\"return gtag_report_conversion('tel:787-710-1477');\" href=\"tel:787-710-1477\">(787) 710-1477<\/a><br \/>\n<a onclick=\"return gtag_report_conversion('tel:787-899-5891');\" href=\"tel:787-899-5891\">(787) 899-5891<\/a>\n\t<h5>\n\t\t\t\t\tE-mail\n\t\t\t\t<\/h5>\n\t\t\t<p>glassbottomkayaking@gmail.com<\/p>\n\t<h5>\n\t\t\t\t\tSchedule\n\t\t\t\t<\/h5>\n\t\t\t<p>Sunday to Saturday<br \/>9:00 am &#8211; 9:00 pm<\/p>\n\t<h5>\n\t\t\t\t\tLocation\n\t\t\t\t<\/h5>\n\t\t\t<p>La Parguera<br \/>Lajas, Puerto Rico<br \/>00667<\/p>\n\t<iframe src=\"https:\/\/www.google.com\/maps\/embed?pb=!1m18!1m12!1m3!1d3795.115990605015!2d-67.05095542471001!3d17.973339783017256!2m3!1f0!2f0!3f0!3m2!1i1024!2i768!4f13.1!3m3!1m2!1s0x8c1d498eb11759b3%3A0x4f369255e4c19d7b!2sParguera%20Glassbottom%20Kayaking!5e0!3m2!1sen!2spr!4v1705433221164!5m2!1sen!2spr\" width=\"100%\" height=\"500\" allowfullscreen=\"\" loading=\"lazy\" referrerpolicy=\"no-referrer-when-downgrade\"><\/iframe>","protected":false},"excerpt":{"rendered":"<p>Contacto Env\u00edenos un mensaje Informaci\u00f3n Tel\u00e9fonos (787) 710-1477 (787) 899-5891 Correo Electr\u00f3nico glassbottomkayaking@gmail.com Horario Domingo a S\u00e1bado9:00 am &#8211; 9:00 pm Localizaci\u00f3n La PargueraLajas, Puerto Rico00667<\/p>","protected":false},"author":1,"featured_media":0,"parent":0,"menu_order":0,"comment_status":"closed","ping_status":"closed","template":"","meta":{"site-sidebar-layout":"no-sidebar","site-content-layout":"page-builder","ast-site-content-layout":"default","site-content-style":"default","site-sidebar-style":"default","ast-global-header-display":"","ast-banner-title-visibility":"","ast-main-header-display":"","ast-hfb-above-header-display":"","ast-hfb-below-header-display":"","ast-hfb-mobile-header-display":"","site-post-title":"disabled","ast-breadcrumbs-content":"","ast-featured-img":"disabled","footer-sml-layout":"","ast-disable-related-posts":"","theme-transparent-header-meta":"enabled","adv-header-id-meta":"","stick-header-meta":"","header-above-stick-meta":"","header-main-stick-meta":"","header-below-stick-meta":"","astra-migrate-meta-layouts":"default","ast-page-background-enabled":"default","ast-page-background-meta":{"desktop":{"background-color":"","background-image":"","background-repeat":"repeat","background-position":"center center","background-size":"auto","background-attachment":"scroll","background-type":"","background-media":"","overlay-type":"","overlay-color":"","overlay-opacity":"","overlay-gradient":""},"tablet":{"background-color":"","background-image":"","background-repeat":"repeat","background-position":"center center","background-size":"auto","background-attachment":"scroll","background-type":"","background-media":"","overlay-type":"","overlay-color":"","overlay-opacity":"","overlay-gradient":""},"mobile":{"background-color":"","background-image":"","background-repeat":"repeat","background-position":"center center","background-size":"auto","background-attachment":"scroll","background-type":"","background-media":"","overlay-type":"","overlay-color":"","overlay-opacity":"","overlay-gradient":""}},"ast-content-background-meta":{"desktop":{"background-color":"var(--ast-global-color-5)","background-image":"","background-repeat":"repeat","background-position":"center center","background-size":"auto","background-attachment":"scroll","background-type":"","background-media":"","overlay-type":"","overlay-color":"","overlay-opacity":"","overlay-gradient":""},"tablet":{"background-color":"var(--ast-global-color-5)","background-image":"","background-repeat":"repeat","background-position":"center center","background-size":"auto","background-attachment":"scroll","background-type":"","background-media":"","overlay-type":"","overlay-color":"","overlay-opacity":"","overlay-gradient":""},"mobile":{"background-color":"var(--ast-global-color-5)","background-image":"","background-repeat":"repeat","background-position":"center center","background-size":"auto","background-attachment":"scroll","background-type":"","background-media":"","overlay-type":"","overlay-color":"","overlay-opacity":"","overlay-gradient":""}},"footnotes":""},"class_list":["post-437","page","type-page","status-publish","hentry"],"_links":{"self":[{"href":"https:\/\/pargueraglassbottomkayaking.com\/en\/wp-json\/wp\/v2\/pages\/437","targetHints":{"allow":["GET"]}}],"collection":[{"href":"https:\/\/pargueraglassbottomkayaking.com\/en\/wp-json\/wp\/v2\/pages"}],"about":[{"href":"https:\/\/pargueraglassbottomkayaking.com\/en\/wp-json\/wp\/v2\/types\/page"}],"author":[{"embeddable":true,"href":"https:\/\/pargueraglassbottomkayaking.com\/en\/wp-json\/wp\/v2\/users\/1"}],"replies":[{"embeddable":true,"href":"https:\/\/pargueraglassbottomkayaking.com\/en\/wp-json\/wp\/v2\/comments?post=437"}],"version-history":[{"count":29,"href":"https:\/\/pargueraglassbottomkayaking.com\/en\/wp-json\/wp\/v2\/pages\/437\/revisions"}],"predecessor-version":[{"id":930,"href":"https:\/\/pargueraglassbottomkayaking.com\/en\/wp-json\/wp\/v2\/pages\/437\/revisions\/930"}],"wp:attachment":[{"href":"https:\/\/pargueraglassbottomkayaking.com\/en\/wp-json\/wp\/v2\/media?parent=437"}],"curies":[{"name":"wp","href":"https:\/\/api.w.org\/{rel}","templated":true}]}}