{"id":483,"date":"2023-08-14T15:15:56","date_gmt":"2023-08-14T19:15:56","guid":{"rendered":"https:\/\/pargueraglassbottomkayaking.com\/?page_id=483"},"modified":"2024-01-25T17:08:36","modified_gmt":"2024-01-25T21:08:36","slug":"terminos-y-condiciones","status":"publish","type":"page","link":"https:\/\/pargueraglassbottomkayaking.com\/en\/terminos-y-condiciones\/","title":{"rendered":"Terms and Conditions"},"content":{"rendered":"<h1>\n\t\t\t\t\tTerms and Conditions\n\t\t\t\t<\/h1>\n\t<h3>\n\t\t\t\t\tPARTICIPATION AGREEMENT, RELEASE, AND ACKNOWLEDGEMENT OF RISK\n\t\t\t\t<\/h3>\n\t\t\t<p>In consideration of the services of Parguera Glassbottom Kayaking, their agents, owners, officers, volunteers, participants, employees, and all other persons or entities acting in any capacity on their behalf, I hereby agree to release, indemnify and discharge Parguera Glassbottom Kayaking, on behalf of myself, my children, my parents, my heirs, assigns, personal representative and estate as follows:<\/p>\n\t<ol>\n<li>I acknowledge that sea kayaking entails known and unanticipated risks that could result in physical or emotional injury, paralysis, death, or damage to myself, to property, or to third parties. I understand that such risks simply cannot be eliminated without jeopardizing the essential qualities of the activity. The risks include, among other things: boat capsize; tidal conditions and currents; travel in remote areas; collision with objects or other watercraft; prolonged exposure to cold water, hypothermia, accidental drowning; mental anguish or trauma, illness in remote areas; adverse weather conditions, exposure to sun, strong wind, cold storms, large waves, eddies and whirlpools, and lightning; aggressive and\/or poisonous marine life; wrist, arm, shoulder, and\/or back injuries; slips and falls while hiking; and rapidly changing weather and water conditions. Furthermore, Parguera Glassbottom Kayaking guides have difficult jobs to perform. They seek safety, but they are not infallible. They might be unaware of a participant\u2019s fitness or abilities. They might misjudge the weather, the elements, or the terrain. They may give inadequate warnings or instructions, and the equipment being used might malfunction.<\/li>\n<li>I expressly agree and promise to accept and assume all of the risks existing in this activity. My participation in this activity is purely voluntary, and I elect to participate in spite of the risks.<\/li>\n<li>I hereby voluntarily release, forever discharge, and agree to indemnify and hold harmless Parguera Glassbottom Kayaking from any and all claims, demands, or causes of action, which are in any way connected with my participation in this activity or my use of Parguera Glassbottom Kayaking\u2019s equipment or facilities, including any such claims which allege negligent acts or omissions of Parguera Glassbottom Kayaking.<\/li>\n<li>Should Parguera Glassbottom Kayaking or anyone acting on their behalf, be required to incur attorney\u2019s fees and costs to enforce this agreement, I agree to indemnify and hold them harmless for all such fees and costs.<\/li>\n<li>Certifico que tengo un seguro adecuado para cubrir cualquier lesi\u00f3n o da\u00f1o que pueda causar o sufrir mientras participo, o de lo contrario acepto correr con los costos de dicha lesi\u00f3n o da\u00f1o yo mismo. Certifico adem\u00e1s que estoy dispuesto a asumir el riesgo de cualquier condici\u00f3n m\u00e9dica o f\u00edsica que pueda tener.<\/li>\n<li>In the event that I file a lawsuit against Parguera Glassbottom Kayaking, I agree to do so solely in Puerto Rico, and I further agree that the substantive law of that territory shall apply in that action without regard to the conflict of law rules of that territory. I agree that if any portion of this agreement is found to be void or unenforceable, the remaining portions shall remain in full force and effect.<\/li>\n<\/ol>\n<h3>\n\t\tAUTHORIZATION\n\t<\/h3>\n\t<p>I hereby authorize any medical treatment deemed necessary in the event of any injury while participating in the activity. I either have appropriate insurance or, in its absence, agree to pay all costs of rescue and\/or medical services as may be incurred on my\/our behalf. I agree that any film or photographs of me\/us, as participants, become the property of Parguera Glassbottom Kayaking and may be used for promotional or commercial purposes.<\/p>\n<p>Las partes reconocen y acuerdan que este formulario de ACUERDO DE PARTICIPACI\u00d3N, LIBERACI\u00d3N Y RECONOCIMIENTO DE RIESGO podr\u00e1 ser ejecutado mediante firma electr\u00f3nica, la cual ser\u00e1 considerada como firma original para todos los efectos y tendr\u00e1 la misma fuerza y efecto que una firma original. Sin limitaci\u00f3n, la \u00abfirma electr\u00f3nica\u00bb incluir\u00e1 versiones enviadas de una firma original o versiones escaneadas y transmitidas electr\u00f3nicamente (por ejemplo, a trav\u00e9s de PDF) de una firma original.<\/p>\n<p>Al firmar este documento, reconozco que si alguien resulta herido o se da\u00f1a la propiedad durante mi participaci\u00f3n en esta actividad, un tribunal de justicia puede determinar que he renunciado a mi derecho a mantener una demanda contra Parguera Glassbottom Kayaking sobre la base de cualquier reclamo del cual los he liberado en este documento. He tenido suficiente oportunidad de leer este documento completo. Lo he le\u00eddo y comprendido, y acepto quedar sujeto a sus t\u00e9rminos. Entiendo tambi\u00e9n que los kayak(s), canoa(s), tabla(s) de remo, remo(s), PFD(s), correa(s), kit de techo, correas y cualquier otro equipo relacionado con el alquiler (en adelante denominado colectivamente \u00abEquipo\u00bb) me ha sido alquilado y soy el \u00fanico y total responsable de cualquier uso del Equipo por parte de otras personas. Tambi\u00e9n acepto pagar el precio total de compra por todos los da\u00f1os o p\u00e9rdidas del Equipo que he alquilado.<\/p>\n<p>I agree to pay a minimum $100 rescue fee in the event that I and\/or the Equipment must be recovered.<\/p>\n<h3>\n\t\tPARENT'S OR GUARDIANS ADDITIONAL INDEMNIFICATION\n\t<\/h3>\n\t<p>Teniendo en cuenta que Parguera Glassbottom Kayaking permite al menor nombrado a continuaci\u00f3n (\u00abMenor\u00bb) participar en sus actividades y utilizar su equipo e instalaciones, adem\u00e1s acepto indemnizar y eximir de responsabilidad a Parguera Glassbottom Kayaking de todos y cada uno de los reclamos presentados por , o en nombre del Menor, y que est\u00e9n de alguna manera relacionados con dicho uso o participaci\u00f3n por parte del Menor.<\/p>","protected":false},"excerpt":{"rendered":"<p>T\u00e9rminos y Condiciones ACUERDO DE PARTICIPACI\u00d3N, LIBERACI\u00d3N Y RECONOCIMIENTO DE RIESGO En consideraci\u00f3n de los servicios de Parguera Glassbottom Kayaking, sus agentes, propietarios, funcionarios, voluntarios, participantes, empleados y todas las dem\u00e1s personas o entidades que act\u00faen en cualquier capacidad en su nombre, por la presente acepto liberar, indemnizar y despedir a Parguera Glassbottom Kayaking, en [&hellip;]<\/p>\n","protected":false},"author":1,"featured_media":0,"parent":0,"menu_order":0,"comment_status":"closed","ping_status":"closed","template":"","meta":{"site-sidebar-layout":"no-sidebar","site-content-layout":"page-builder","ast-site-content-layout":"full-width-container","site-content-style":"unboxed","site-sidebar-style":"unboxed","ast-global-header-display":"","ast-banner-title-visibility":"","ast-main-header-display":"","ast-hfb-above-header-display":"","ast-hfb-below-header-display":"","ast-hfb-mobile-header-display":"","site-post-title":"disabled","ast-breadcrumbs-content":"","ast-featured-img":"disabled","footer-sml-layout":"","ast-disable-related-posts":"","theme-transparent-header-meta":"default","adv-header-id-meta":"","stick-header-meta":"","header-above-stick-meta":"","header-main-stick-meta":"","header-below-stick-meta":"","astra-migrate-meta-layouts":"set","ast-page-background-enabled":"default","ast-page-background-meta":{"desktop":{"background-color":"","background-image":"","background-repeat":"repeat","background-position":"center center","background-size":"auto","background-attachment":"scroll","background-type":"","background-media":"","overlay-type":"","overlay-color":"","overlay-opacity":"","overlay-gradient":""},"tablet":{"background-color":"","background-image":"","background-repeat":"repeat","background-position":"center center","background-size":"auto","background-attachment":"scroll","background-type":"","background-media":"","overlay-type":"","overlay-color":"","overlay-opacity":"","overlay-gradient":""},"mobile":{"background-color":"","background-image":"","background-repeat":"repeat","background-position":"center center","background-size":"auto","background-attachment":"scroll","background-type":"","background-media":"","overlay-type":"","overlay-color":"","overlay-opacity":"","overlay-gradient":""}},"ast-content-background-meta":{"desktop":{"background-color":"var(--ast-global-color-5)","background-image":"","background-repeat":"repeat","background-position":"center center","background-size":"auto","background-attachment":"scroll","background-type":"","background-media":"","overlay-type":"","overlay-color":"","overlay-opacity":"","overlay-gradient":""},"tablet":{"background-color":"var(--ast-global-color-5)","background-image":"","background-repeat":"repeat","background-position":"center center","background-size":"auto","background-attachment":"scroll","background-type":"","background-media":"","overlay-type":"","overlay-color":"","overlay-opacity":"","overlay-gradient":""},"mobile":{"background-color":"var(--ast-global-color-5)","background-image":"","background-repeat":"repeat","background-position":"center center","background-size":"auto","background-attachment":"scroll","background-type":"","background-media":"","overlay-type":"","overlay-color":"","overlay-opacity":"","overlay-gradient":""}},"footnotes":""},"class_list":["post-483","page","type-page","status-publish","hentry"],"_links":{"self":[{"href":"https:\/\/pargueraglassbottomkayaking.com\/en\/wp-json\/wp\/v2\/pages\/483","targetHints":{"allow":["GET"]}}],"collection":[{"href":"https:\/\/pargueraglassbottomkayaking.com\/en\/wp-json\/wp\/v2\/pages"}],"about":[{"href":"https:\/\/pargueraglassbottomkayaking.com\/en\/wp-json\/wp\/v2\/types\/page"}],"author":[{"embeddable":true,"href":"https:\/\/pargueraglassbottomkayaking.com\/en\/wp-json\/wp\/v2\/users\/1"}],"replies":[{"embeddable":true,"href":"https:\/\/pargueraglassbottomkayaking.com\/en\/wp-json\/wp\/v2\/comments?post=483"}],"version-history":[{"count":8,"href":"https:\/\/pargueraglassbottomkayaking.com\/en\/wp-json\/wp\/v2\/pages\/483\/revisions"}],"predecessor-version":[{"id":889,"href":"https:\/\/pargueraglassbottomkayaking.com\/en\/wp-json\/wp\/v2\/pages\/483\/revisions\/889"}],"wp:attachment":[{"href":"https:\/\/pargueraglassbottomkayaking.com\/en\/wp-json\/wp\/v2\/media?parent=483"}],"curies":[{"name":"wp","href":"https:\/\/api.w.org\/{rel}","templated":true}]}}