{"id":844,"date":"2024-01-16T08:28:37","date_gmt":"2024-01-16T12:28:37","guid":{"rendered":"https:\/\/pargueraglassbottomkayaking.com\/?page_id=844"},"modified":"2024-10-04T14:36:06","modified_gmt":"2024-10-04T18:36:06","slug":"boat-tours","status":"publish","type":"page","link":"https:\/\/pargueraglassbottomkayaking.com\/en\/boat-tours\/","title":{"rendered":"Boat Tours"},"content":{"rendered":"<h1>\n\t\t\t\t\tBoat Tours\n\t\t\t\t<\/h1>\n\t\t\t<h2>\n\t\t\t\t\tPrivate Boat Charter\n\t\t\t\t<\/h2>\n\t<ul>\n\t\t<li>\t\t\t\t\n\t\t<h5>All Ages<\/h5><\/li>\t<\/ul>\n\t<ul>\n\t\t<li>\t\t\t\t\n\t\t<h5>Duration: 4 to 8 hours<\/h5><\/li>\t<\/ul>\n\t\t\t\t<img loading=\"lazy\" decoding=\"async\" src=\"https:\/\/pargueraglassbottomkayaking.com\/wp-content\/uploads\/2024\/01\/IMG_3358.jpeg\" alt=\"IMG_3358\" itemprop=\"image\" height=\"739\" width=\"1600\" title=\"IMG_3358\" onerror=\"this.style.display='none'\"  \/>\n\t<a href=\"https:\/\/fareharbor.com\/embeds\/book\/fondodecristal-3\/items\/329102\/calendar\/\" target=\"_blank\" onclick=\"FH.open({&#039;shortname&#039;:&#039;fondodecristal-3&#039;,&#039;view&#039;:{&#039;item&#039;:&#039;329102&#039;},&#039;fallback&#039;:&#039;simple&#039;}); return false;\">Book Now<\/a>\n\t<p>On this private Boat Charter the captain will take you to the beautiful island of Caracoles. He can also take you to Mata La Gata and Cayo Enrique, ask the captain and he will recommend the best spots to spend your day out in the water.<\/p>\n\t\t\t<a href=\"#\" role=\"button\">\n\t\t\t\t\t\t\tMore Details\n\t\t\t<\/a>\n\t\t<h3>More Details<\/h3>\n<hr \/>\nPrice includes up to 6 passengers, for more than 6 passengers on the boat\nit\u2019s an additional $40 per person.\n<h4>Provided:<\/h4>\nLife Jackets\n1 kayak or a Floating mattress <br \/>\nInflatables and Floaties\n<h4>What to Bring<\/h4>\nSwimsuit<br \/>\nTowel<br \/>\nSnacks and refreshments\n<h4>Not included:<\/h4>\n<p>Tips<\/p>\t\n\t\t\t<h2>\n\t\t\t\t\tLa Parguera Sunset PRIVATE Boat Cruise\n\t\t\t\t<\/h2>\n\t<ul>\n\t\t<li>\t\t\t\t\n\t\t<h5>All Ages<\/h5><\/li>\t<\/ul>\n\t<ul>\n\t\t<li>\t\t\t\t\n\t\t<h5>Duration: 2 hours<\/h5><\/li>\t<\/ul>\n\t\t\t\t<img loading=\"lazy\" decoding=\"async\" src=\"https:\/\/pargueraglassbottomkayaking.com\/wp-content\/uploads\/2024\/01\/IMG_0751-scaled.jpeg\" alt=\"IMG_0751\" itemprop=\"image\" height=\"1920\" width=\"2560\" title=\"IMG_0751\" onerror=\"this.style.display='none'\"  \/>\n\t<a href=\"https:\/\/fareharbor.com\/embeds\/book\/fondodecristal-3\/items\/322409\/calendar\/\" target=\"_blank\" onclick=\"FH.open({&#039;shortname&#039;:&#039;fondodecristal-3&#039;,&#039;view&#039;:{&#039;item&#039;:&#039;322409&#039;},&#039;fallback&#039;:&#039;simple&#039;}); return false;\">Book Now<\/a>\n\t<p>On this tour we take you to the beautiful island of Mata la Gata to watch the best sunset in Puerto Rico. This tour is a 2 hour guided private boat tour with a captain.<\/p>\n<p>You are able watch the sunset while relaxing from the boat or you can swim in the crystal clear waters while gazing at the beautiful sunset.<\/p>\n\t\t\t<a href=\"#\" role=\"button\">\n\t\t\t\t\t\t\tMore Details\n\t\t\t<\/a>\n\t\t<h3>More Details<\/h3>\n<hr \/>\n<h4>What to Bring<\/h4>\nBathing suit <br>\nTowel\n<h4>Not included:<\/h4>\nTips\n<h4>Please Note:<\/h4>\nIn order to offer this tour, we need a minimum of 4 people.\t\n\t\t\t<h2>\n\t\t\t\t\tSunset PRIVATE Boat Tour + Biobay Swimming Tour\n\t\t\t\t<\/h2>\n\t<ul>\n\t\t<li>\t\t\t\t\n\t\t<h5>All Ages<\/h5><\/li>\t<\/ul>\n\t<ul>\n\t\t<li>\t\t\t\t\n\t\t<h5>Duration: 2 hours<\/h5><\/li>\t<\/ul>\n\t\t\t\t<img loading=\"lazy\" decoding=\"async\" src=\"https:\/\/pargueraglassbottomkayaking.com\/wp-content\/uploads\/2024\/01\/IMG_1713-scaled.jpeg\" alt=\"IMG_1713\" itemprop=\"image\" height=\"1920\" width=\"2560\" title=\"IMG_1713\" onerror=\"this.style.display='none'\"  \/>\n\t<a href=\"https:\/\/fareharbor.com\/embeds\/book\/fondodecristal-3\/items\/406237\/calendar\/\" target=\"_blank\" onclick=\"FH.open({&#039;shortname&#039;:&#039;fondodecristal-3&#039;,&#039;view&#039;:{&#039;item&#039;:&#039;406237&#039;},&#039;fallback&#039;:&#039;simple&#039;}); return false;\">Book Now<\/a>\n\t<p>On this tour the captain takes you to see the beautiful sunset of La Parguera, the tour makes a stop at one of the islands where you can go swimming.<\/p>\n<p>You can bring your drinks and food, there is a minimum of 4 people per tour. The tour departs at 5:00 pm. and returns to the dock at 7:00 p.m.<\/p>\n\t\t\t<a href=\"#\" role=\"button\">\n\t\t\t\t\t\t\tMore Details\n\t\t\t<\/a>\n\t\t<h3>More Details<\/h3>\n<hr \/>\n<h4>What to bring<\/h4>\n<p>Swimsuit<\/p>\n<p>Towel<\/p>\n<h4>Not included<\/h4>\n<p>Tips<\/p>\t\n\t\t\t<h2>\n\t\t\t\t\tBioluminescent Bay Swimming Tour\n\t\t\t\t<\/h2>\n\t<ul>\n\t\t<li>\t\t\t\t\n\t\t<h5>All Ages<\/h5><\/li>\t<\/ul>\n\t<ul>\n\t\t<li>\t\t\t\t\n\t\t<h5>Duration: 1 hour<\/h5><\/li>\t<\/ul>\n\t\t\t\t<img loading=\"lazy\" decoding=\"async\" src=\"https:\/\/pargueraglassbottomkayaking.com\/wp-content\/uploads\/2023\/10\/Bioluminescent-Bay-Swim.jpeg\" alt=\"Bioluminescent Bay Swim\" itemprop=\"image\" height=\"563\" width=\"1000\" title=\"Bioluminescent Bay Swim\" onerror=\"this.style.display='none'\"  \/>\n\t<a href=\"https:\/\/fareharbor.com\/embeds\/book\/fondodecristal-3\/items\/303072\/calendar\/\" target=\"_blank\" onclick=\"FH.open({&#039;shortname&#039;:&#039;fondodecristal-3&#039;,&#039;view&#039;:{&#039;item&#039;:&#039;303072&#039;},&#039;fallback&#039;:&#039;simple&#039;}); return false;\">Book Now<\/a>\n\t<p>The tour starts by cruising along the main channels of La Parguera\nwhere you can enjoy viewing some of the beautiful beach houses\nalong the way, then this tour takes you directly to the Bioluminescent\nBay where you will be able to swim in the bioluminescent water.<\/p>\n\t\t\t<a href=\"#\" role=\"button\">\n\t\t\t\t\t\t\tMore Details\n\t\t\t<\/a>\n\t\t<h3>More Details<\/h3>\n<hr \/>\n<h4>Qu\u00e9 llevar<\/h4>\n<p>Swimsuit<\/p>\n<p>Towel<\/p>\n<h4>Not included<\/h4>\n<p>Tips<\/p>\t\n\t\t\t<h2>\n\t\t\t\t\tBioluminescent Bay Boat \/ Kayak Tour\n\t\t\t\t<\/h2>\n\t<ul>\n\t\t<li>\t\t\t\t\n\t\t<h5>All Ages<\/h5><\/li>\t<\/ul>\n\t<ul>\n\t\t<li>\t\t\t\t\n\t\t<h5>Duraci\u00f3n: 1hr 45 min<\/h5><\/li>\t<\/ul>\n\t\t\t\t<img loading=\"lazy\" decoding=\"async\" src=\"https:\/\/pargueraglassbottomkayaking.com\/wp-content\/uploads\/2023\/10\/image-1698682165262.png\" alt=\"image-1698682165262\" itemprop=\"image\" height=\"1024\" width=\"768\" title=\"image-1698682165262\" onerror=\"this.style.display='none'\"  \/>\n\t<a href=\"https:\/\/fareharbor.com\/embeds\/book\/fondodecristal-3\/items\/390143\/calendar\/\" target=\"_blank\" onclick=\"FH.open({&#039;shortname&#039;:&#039;fondodecristal-3&#039;,&#039;view&#039;:{&#039;item&#039;:&#039;390143&#039;},&#039;fallback&#039;:&#039;simple&#039;}); return false;\">Book Now<\/a>\n\t<p>This tour takes you on a boat ride to the bioluminescent bay where\nyou will be able to kayak in the calm, shallow, bioluminescent waters.<\/p>\n\t\t\t<a href=\"#\" role=\"button\">\n\t\t\t\t\t\t\tMore Details\n\t\t\t<\/a>\n\t\t<h3>More Details<\/h3>\n<hr \/>\n<h4> What to Bring<\/h4>\n<p>Swimsuit<\/p>\n<p>Towel<\/p>\n<h4> Not included:<\/h4>\n<p>Tips<\/p>\n<h4> M\u00e1s informaci\u00f3n:<\/h4>\n<p>Be at the dock 30 minutes before the tour.<\/p>\n<h4> Please Note:<\/h4>\n<p>In order to offer this tour, we need a minimum of 4 people.<\/p>","protected":false},"excerpt":{"rendered":"<p>Boat Tours Private Boat Charter Todas las Edades Duraci\u00f3n: 4 a 8 horas En este alquiler de barco privado, el capit\u00e1n le llevar\u00e1 a la hermosa isla de Caracoles. Tambi\u00e9n te puede llevar a Mata La Gata y Cayo Enrique, pregunta al capit\u00e1n y te recomendar\u00e1 los mejores lugares. Para pasar el d\u00eda en el [&hellip;]<\/p>\n","protected":false},"author":1,"featured_media":0,"parent":0,"menu_order":0,"comment_status":"closed","ping_status":"closed","template":"","meta":{"site-sidebar-layout":"no-sidebar","site-content-layout":"page-builder","ast-site-content-layout":"full-width-container","site-content-style":"unboxed","site-sidebar-style":"unboxed","ast-global-header-display":"","ast-banner-title-visibility":"","ast-main-header-display":"","ast-hfb-above-header-display":"","ast-hfb-below-header-display":"","ast-hfb-mobile-header-display":"","site-post-title":"disabled","ast-breadcrumbs-content":"","ast-featured-img":"disabled","footer-sml-layout":"","ast-disable-related-posts":"","theme-transparent-header-meta":"default","adv-header-id-meta":"","stick-header-meta":"","header-above-stick-meta":"","header-main-stick-meta":"","header-below-stick-meta":"","astra-migrate-meta-layouts":"set","ast-page-background-enabled":"default","ast-page-background-meta":{"desktop":{"background-color":"","background-image":"","background-repeat":"repeat","background-position":"center center","background-size":"auto","background-attachment":"scroll","background-type":"","background-media":"","overlay-type":"","overlay-color":"","overlay-opacity":"","overlay-gradient":""},"tablet":{"background-color":"","background-image":"","background-repeat":"repeat","background-position":"center center","background-size":"auto","background-attachment":"scroll","background-type":"","background-media":"","overlay-type":"","overlay-color":"","overlay-opacity":"","overlay-gradient":""},"mobile":{"background-color":"","background-image":"","background-repeat":"repeat","background-position":"center center","background-size":"auto","background-attachment":"scroll","background-type":"","background-media":"","overlay-type":"","overlay-color":"","overlay-opacity":"","overlay-gradient":""}},"ast-content-background-meta":{"desktop":{"background-color":"var(--ast-global-color-5)","background-image":"","background-repeat":"repeat","background-position":"center center","background-size":"auto","background-attachment":"scroll","background-type":"","background-media":"","overlay-type":"","overlay-color":"","overlay-opacity":"","overlay-gradient":""},"tablet":{"background-color":"var(--ast-global-color-5)","background-image":"","background-repeat":"repeat","background-position":"center center","background-size":"auto","background-attachment":"scroll","background-type":"","background-media":"","overlay-type":"","overlay-color":"","overlay-opacity":"","overlay-gradient":""},"mobile":{"background-color":"var(--ast-global-color-5)","background-image":"","background-repeat":"repeat","background-position":"center center","background-size":"auto","background-attachment":"scroll","background-type":"","background-media":"","overlay-type":"","overlay-color":"","overlay-opacity":"","overlay-gradient":""}},"footnotes":""},"class_list":["post-844","page","type-page","status-publish","hentry"],"_links":{"self":[{"href":"https:\/\/pargueraglassbottomkayaking.com\/en\/wp-json\/wp\/v2\/pages\/844","targetHints":{"allow":["GET"]}}],"collection":[{"href":"https:\/\/pargueraglassbottomkayaking.com\/en\/wp-json\/wp\/v2\/pages"}],"about":[{"href":"https:\/\/pargueraglassbottomkayaking.com\/en\/wp-json\/wp\/v2\/types\/page"}],"author":[{"embeddable":true,"href":"https:\/\/pargueraglassbottomkayaking.com\/en\/wp-json\/wp\/v2\/users\/1"}],"replies":[{"embeddable":true,"href":"https:\/\/pargueraglassbottomkayaking.com\/en\/wp-json\/wp\/v2\/comments?post=844"}],"version-history":[{"count":32,"href":"https:\/\/pargueraglassbottomkayaking.com\/en\/wp-json\/wp\/v2\/pages\/844\/revisions"}],"predecessor-version":[{"id":982,"href":"https:\/\/pargueraglassbottomkayaking.com\/en\/wp-json\/wp\/v2\/pages\/844\/revisions\/982"}],"wp:attachment":[{"href":"https:\/\/pargueraglassbottomkayaking.com\/en\/wp-json\/wp\/v2\/media?parent=844"}],"curies":[{"name":"wp","href":"https:\/\/api.w.org\/{rel}","templated":true}]}}