{"id":900,"date":"2024-01-26T16:08:33","date_gmt":"2024-01-26T20:08:33","guid":{"rendered":"https:\/\/pargueraglassbottomkayaking.com\/?page_id=900"},"modified":"2024-10-04T09:12:16","modified_gmt":"2024-10-04T13:12:16","slug":"bioluminescent-bay-tours","status":"publish","type":"page","link":"https:\/\/pargueraglassbottomkayaking.com\/en\/bioluminescent-bay-tours\/","title":{"rendered":"Bioluminescent Bay Tours"},"content":{"rendered":"<h1>\n\t\t\t\t\tBioluminescent Bay Tours\n\t\t\t\t<\/h1>\n\t\t\t<h2>\n\t\t\t\t\tBioluminescent Bay Swimming Tour\n\t\t\t\t<\/h2>\n\t<ul>\n\t\t<li>\t\t\t\t\n\t\t<h5>Ages: 1+<\/h5><\/li>\t<\/ul>\n\t<ul>\n\t\t<li>\t\t\t\t\n\t\t<h5>Duration: 1 hour<\/h5><\/li>\t<\/ul>\n\t\t\t\t<img loading=\"lazy\" decoding=\"async\" src=\"https:\/\/pargueraglassbottomkayaking.com\/wp-content\/uploads\/2024\/01\/IMG_2354.jpeg\" alt=\"IMG_2354\" itemprop=\"image\" height=\"450\" width=\"800\" title=\"IMG_2354\" onerror=\"this.style.display='none'\"  \/>\n\t<a href=\"https:\/\/fareharbor.com\/embeds\/book\/fondodecristal-3\/items\/303072\/calendar\/\" target=\"_blank\" onclick=\"FH.open({&#039;shortname&#039;:&#039;fondodecristal-3&#039;,&#039;view&#039;:{&#039;item&#039;:&#039;303072&#039;},&#039;fallback&#039;:&#039;simple&#039;}); return false;\">Book Now<\/a>\n\t<p>The tour starts by cruising along the main channels of La Parguera\nwhere you can enjoy viewing some of the beautiful beach houses\nalong the way, then this tour takes you directly to the Bioluminescent\nBay where you will be able to swim in the bioluminescent water.<\/p>\n\t\t\t<a href=\"#\" role=\"button\">\n\t\t\t\t\t\t\tMore Details\n\t\t\t<\/a>\n\t\t<h3>More Details<\/h3>\n<hr \/>\n<h4>Qu\u00e9 llevar<\/h4>\n<p>Swimsuit<\/p>\n<p>Towel<\/p>\n<h4>Not included<\/h4>\n<p>Tips<\/p>\t\n\t\t\t<h2>\n\t\t\t\t\tBioluminescent Bay Boat \/ Kayak Tour\n\t\t\t\t<\/h2>\n\t<ul>\n\t\t<li>\t\t\t\t\n\t\t<h5>All Ages<\/h5><\/li>\t<\/ul>\n\t<ul>\n\t\t<li>\t\t\t\t\n\t\t<h5>Duration: 1 hr 45 min<\/h5><\/li>\t<\/ul>\n\t\t\t\t<img loading=\"lazy\" decoding=\"async\" src=\"https:\/\/pargueraglassbottomkayaking.com\/wp-content\/uploads\/2024\/01\/IMG_7013-scaled.jpeg\" alt=\"IMG_7013\" itemprop=\"image\" height=\"2560\" width=\"1920\" title=\"IMG_7013\" onerror=\"this.style.display='none'\"  \/>\n\t<a href=\"https:\/\/fareharbor.com\/embeds\/book\/fondodecristal-3\/items\/390143\/calendar\/\" target=\"_blank\" onclick=\"FH.open({&#039;shortname&#039;:&#039;fondodecristal-3&#039;,&#039;view&#039;:{&#039;item&#039;:&#039;390143&#039;},&#039;fallback&#039;:&#039;simple&#039;}); return false;\">Book Now<\/a>\n\t<p>This tour takes you on a boat ride to the bioluminescent bay where\nyou will be able to kayak in the calm, shallow, bioluminescent waters.<\/p>\n\t\t\t<a href=\"#\" role=\"button\">\n\t\t\t\t\t\t\tMore Details\n\t\t\t<\/a>\n\t\t<h3>More Details<\/h3>\n<hr \/>\n<h4> What to Bring<\/h4>\n<p>Swimsuit<\/p>\n<p>Towel<\/p>\n<h4> Not included:<\/h4>\n<p>Tips<\/p>\n<h4> M\u00e1s informaci\u00f3n:<\/h4>\n<p>Be at the dock 30 minutes before the tour.<\/p>\n<h4> Please Note:<\/h4>\n<p>In order to offer this tour, we need a minimum of 4 people.<\/p>","protected":false},"excerpt":{"rendered":"<p>Bioluminescent Bay Tours Bioluminescent Bay Swimming Tour Edades: 1+ Duraci\u00f3n: 1 hora El recorrido comienza navegando por los principales canales de La Parguera. donde podr\u00e1s disfrutar viendo algunas de las hermosas casas de playa en el camino, luego este recorrido lo llevar\u00e1 directamente al Bioluminiscente Bah\u00eda donde podr\u00e1s nadar en el agua bioluminiscente. M\u00e1s Detalles [&hellip;]<\/p>\n","protected":false},"author":1,"featured_media":0,"parent":0,"menu_order":0,"comment_status":"closed","ping_status":"closed","template":"","meta":{"site-sidebar-layout":"no-sidebar","site-content-layout":"page-builder","ast-site-content-layout":"full-width-container","site-content-style":"unboxed","site-sidebar-style":"unboxed","ast-global-header-display":"","ast-banner-title-visibility":"","ast-main-header-display":"","ast-hfb-above-header-display":"","ast-hfb-below-header-display":"","ast-hfb-mobile-header-display":"","site-post-title":"disabled","ast-breadcrumbs-content":"","ast-featured-img":"disabled","footer-sml-layout":"","ast-disable-related-posts":"","theme-transparent-header-meta":"default","adv-header-id-meta":"","stick-header-meta":"","header-above-stick-meta":"","header-main-stick-meta":"","header-below-stick-meta":"","astra-migrate-meta-layouts":"set","ast-page-background-enabled":"default","ast-page-background-meta":{"desktop":{"background-color":"","background-image":"","background-repeat":"repeat","background-position":"center center","background-size":"auto","background-attachment":"scroll","background-type":"","background-media":"","overlay-type":"","overlay-color":"","overlay-opacity":"","overlay-gradient":""},"tablet":{"background-color":"","background-image":"","background-repeat":"repeat","background-position":"center center","background-size":"auto","background-attachment":"scroll","background-type":"","background-media":"","overlay-type":"","overlay-color":"","overlay-opacity":"","overlay-gradient":""},"mobile":{"background-color":"","background-image":"","background-repeat":"repeat","background-position":"center center","background-size":"auto","background-attachment":"scroll","background-type":"","background-media":"","overlay-type":"","overlay-color":"","overlay-opacity":"","overlay-gradient":""}},"ast-content-background-meta":{"desktop":{"background-color":"var(--ast-global-color-5)","background-image":"","background-repeat":"repeat","background-position":"center center","background-size":"auto","background-attachment":"scroll","background-type":"","background-media":"","overlay-type":"","overlay-color":"","overlay-opacity":"","overlay-gradient":""},"tablet":{"background-color":"var(--ast-global-color-5)","background-image":"","background-repeat":"repeat","background-position":"center center","background-size":"auto","background-attachment":"scroll","background-type":"","background-media":"","overlay-type":"","overlay-color":"","overlay-opacity":"","overlay-gradient":""},"mobile":{"background-color":"var(--ast-global-color-5)","background-image":"","background-repeat":"repeat","background-position":"center center","background-size":"auto","background-attachment":"scroll","background-type":"","background-media":"","overlay-type":"","overlay-color":"","overlay-opacity":"","overlay-gradient":""}},"footnotes":""},"class_list":["post-900","page","type-page","status-publish","hentry"],"_links":{"self":[{"href":"https:\/\/pargueraglassbottomkayaking.com\/en\/wp-json\/wp\/v2\/pages\/900","targetHints":{"allow":["GET"]}}],"collection":[{"href":"https:\/\/pargueraglassbottomkayaking.com\/en\/wp-json\/wp\/v2\/pages"}],"about":[{"href":"https:\/\/pargueraglassbottomkayaking.com\/en\/wp-json\/wp\/v2\/types\/page"}],"author":[{"embeddable":true,"href":"https:\/\/pargueraglassbottomkayaking.com\/en\/wp-json\/wp\/v2\/users\/1"}],"replies":[{"embeddable":true,"href":"https:\/\/pargueraglassbottomkayaking.com\/en\/wp-json\/wp\/v2\/comments?post=900"}],"version-history":[{"count":6,"href":"https:\/\/pargueraglassbottomkayaking.com\/en\/wp-json\/wp\/v2\/pages\/900\/revisions"}],"predecessor-version":[{"id":972,"href":"https:\/\/pargueraglassbottomkayaking.com\/en\/wp-json\/wp\/v2\/pages\/900\/revisions\/972"}],"wp:attachment":[{"href":"https:\/\/pargueraglassbottomkayaking.com\/en\/wp-json\/wp\/v2\/media?parent=900"}],"curies":[{"name":"wp","href":"https:\/\/api.w.org\/{rel}","templated":true}]}}